{"id":26,"date":"2021-10-20T11:54:37","date_gmt":"2021-10-20T09:54:37","guid":{"rendered":"https:\/\/iraragorri.com\/?page_id=26"},"modified":"2021-12-14T15:47:08","modified_gmt":"2021-12-14T14:47:08","slug":"hotel","status":"publish","type":"page","link":"https:\/\/iraragorri.com\/en\/hotel\/","title":{"rendered":"Hotel"},"content":{"rendered":"<div class=\"mk-page-section-wrapper\" data-mk-full-width=\"true\" data-mk-full-width-init=\"true\" data-mk-stretch-content=\"true\">\n\t<div id=\"page-section-1\" class=\"mk-page-section self-hosted   full_layout full-width-1 js-el js-master-row     center-y\"    data-intro-effect=\"false\">\n\n\t\t\t\n\t\t\t<div class=\"mk-page-section-inner\">\n\t\t\t\t\n\n\n<div style=\"background-color:#000000;opacity:0.3;\" class=\"mk-video-color-mask\"><\/div>\n\n\t\t\t\t\n\t\t\t\t\n\t\t\n\n\t<div class=\"background-layer-holder\">\n\t\t<div id=\"background-layer--1\" data-mk-lazyload=\"false\" class=\"background-layer mk-background-stretch none-blend-effect js-el\"    data-mk-img-set='{\"landscape\":{\"desktop\":\"https:\/\/iraragorri.com\/wp-content\/uploads\/2021\/10\/245-image-full-1.jpg\",\"tablet\":\"https:\/\/iraragorri.com\/wp-content\/uploads\/2021\/10\/245-image-full-1-1024x768.jpg\",\"mobile\":\"https:\/\/iraragorri.com\/wp-content\/uploads\/2021\/10\/245-image-full-1-736x414.jpg\"},\"responsive\":\"true\"}' >\n\t\t\t\t\t\t\t\t\t<div class=\"mk-color-layer\"><\/div>\n\t\t<\/div>\n\t<\/div>\n\n\t\t\t<\/div>\n\n\t\t\t\n        <div class=\"page-section-content vc_row-fluid page-section-fullwidth\" >\n            <div class=\"mk-padding-wrapper wpb_row\">\n<div class=\"vc_col-sm-12 wpb_column column_container   _ height-full\">\n\t\n<div id=\"padding-3\" class=\"mk-padding-divider hidden-sm  clearfix\"><\/div>\n\n<div class=\"vc_empty_space\"   style=\"height: 50px\"><span class=\"vc_empty_space_inner\"><\/span><\/div>\n<h1 id=\"fancy-title-4\" class=\"mk-fancy-title  simple-style   color-single\">\n\t<span>\n\t\t\t\t<p>Hotel<\/p>\n\t\t\t<\/span>\n<\/h1>\n<div class=\"clearboth\"><\/div>\n\n\n\n<style>#fancy-title-4 {font-family: \"Merriweather\"}<\/style>\n<h3 id=\"fancy-title-5\" class=\"mk-fancy-title  simple-style   color-single\">\n\t<span>\n\t\t\t\t<p>Discover the history of our hotel<\/p>\n\t\t\t<\/span>\n<\/h3>\n<div class=\"clearboth\"><\/div>\n\n\n\n<div class=\"vc_empty_space\"   style=\"height: 50px\"><span class=\"vc_empty_space_inner\"><\/span><\/div>\n<div id=\"padding-6\" class=\"mk-padding-divider hidden-sm  clearfix\"><\/div>\n\n<\/div>\n<\/div>\n            <div class=\"clearboth\"><\/div>\n        <\/div>\n\n\n\t\t\t\n\t\t\t\n\t\t\t\n\t\t<div class=\"clearboth\"><\/div>\n\t<\/div>\n<\/div>\n<div class=\"vc_row-full-width vc_clearfix\"><\/div>\n\n\n<div class=\"mk-page-section-wrapper\" data-mk-full-width=\"true\" data-mk-full-width-init=\"true\" data-mk-stretch-content=\"true\">\n\t<div id=\"page-section-7\" class=\"mk-page-section self-hosted   full_layout full-width-7 js-el js-master-row\"    data-intro-effect=\"false\">\n\n\t\t\t\n\t\t\t<div class=\"mk-page-section-inner\">\n\t\t\t\t\n\n\n<div class=\"mk-video-color-mask\"><\/div>\n\n\t\t\t\t\n\t\t\t\t\t\t\t<\/div>\n\n\t\t\t\n        <div class=\"page-section-content vc_row-fluid mk-grid\" >\n            <div class=\"mk-padding-wrapper wpb_row\">\n<div class=\"vc_col-sm-12 wpb_column column_container   _ height-full\">\n\t\n<div id=\"padding-9\" class=\"mk-padding-divider   clearfix\"><\/div>\n\n\n<h3 id=\"fancy-title-10\" class=\"mk-fancy-title  simple-style   color-single\">\n\t<span>\n\t\t\t\t<p>HOTEL IRARAGORRI<\/p>\n\t\t\t<\/span>\n<\/h3>\n<div class=\"clearboth\"><\/div>\n\n\n\n\n\n<div class=\"wpb_row vc_inner vc_row vc_row-fluid    attched-false\">\n\t\t\n\t\t<div class=\"wpb_column vc_column_container vc_col-sm-1\"><div class=\"vc_column-inner\"><div class=\"wpb_wrapper\"><\/div><\/div><\/div><div class=\"wpb_column vc_column_container vc_col-sm-10\"><div class=\"vc_column-inner\"><div class=\"wpb_wrapper\">\n<h2 id=\"fancy-title-11\" class=\"mk-fancy-title  simple-style   color-single\">\n\t<span>\n\t\t\t\t<p>Memories of an eventful life of one of the Athletic\u2019s and Spanish soccer legends, Jos\u00e9 Iraragorri<\/p>\n\t\t\t<\/span>\n<\/h2>\n<div class=\"clearboth\"><\/div>\n\n\n\n<style>#fancy-title-11 {font-family: \"Merriweather\"}<\/style><\/div><\/div><\/div><div class=\"wpb_column vc_column_container vc_col-sm-1\"><div class=\"vc_column-inner\"><div class=\"wpb_wrapper\"><\/div><\/div><\/div>\t\t\n<\/div>\n\n<div id=\"padding-12\" class=\"mk-padding-divider   clearfix\"><\/div>\n\n<div class=\"vc_empty_space\"   style=\"height: 20px\"><span class=\"vc_empty_space_inner\"><\/span><\/div>\n\n<div class=\"wpb_row vc_inner vc_row vc_row-fluid    attched-false\">\n\t\t\n\t\t<div class=\"wpb_column vc_column_container vc_col-sm-6\"><div class=\"vc_column-inner\"><div class=\"wpb_wrapper\">\n<div class=\"mk-slideshow mk-flexslider mk-slider js-el\"\n\tstyle=\"max-width:770px; margin-top:0px; margin-bottom:0px;\"\n\tdata-mk-component='SwipeSlideshow'\n\tdata-swipeslideshow-config='{\t\t\"effect\" : \"fade\",\t\t\"displayTime\" : \"7000\",\t\t\"transitionTime\" : \"700\",\t\t\"nav\" : \"#flex-direction-nav-13\",\t\t\"hasNav\" : \"true\",\t\t\"pauseOnHover\" : false,\t\t\"fluidHeight\" :  true}' >\n\n\t<div class=\"mk-swiper-wrapper mk-slider-holder\">\n\n\t\t\t\t\t<div class=\"mk-slider-slide\">\n\t\t\t\t<img decoding=\"async\" src=\"https:\/\/iraragorri.com\/wp-content\/uploads\/bfi_thumb\/dummy-transparent-r0rlij3glht4l2aswx8ezdoepvdlfasq2nwpni5cp0.png\" data-mk-image-src-set='{\"default\":\"https:\/\/iraragorri.com\/wp-content\/uploads\/bfi_thumb\/373-image-screen-r0rlilwz5zwzjw6pgggaouysi0zp2e3x31v63c166c.jpg\",\"2x\":\"https:\/\/iraragorri.com\/wp-content\/uploads\/bfi_thumb\/373-image-screen-r0rlilx8jon48zkgl3f6uke7kb30bee9nmkx4ezpqg.jpg\",\"mobile\":\"https:\/\/iraragorri.com\/wp-content\/uploads\/bfi_thumb\/373-image-screen-3g4tt6v5y6d1898ymizxe5qwnz2x99sqcnhz3uipv41hno5ym.jpg\",\"responsive\":\"true\"}' alt=\"\" \/>\n\t\t\t<\/div>\n\n\t\t\t\t\t<div class=\"mk-slider-slide\">\n\t\t\t\t<img decoding=\"async\" src=\"https:\/\/iraragorri.com\/wp-content\/uploads\/bfi_thumb\/dummy-transparent-r0rlij3glht4l2aswx8ezdoepvdlfasq2nwpni5cp0.png\" data-mk-image-src-set='{\"default\":\"https:\/\/iraragorri.com\/wp-content\/uploads\/bfi_thumb\/221-image-large-r0rlikz4z5vp8a82ly1o4d7bwn4bup06qx7om22kck.jpg\",\"2x\":\"https:\/\/iraragorri.com\/wp-content\/uploads\/bfi_thumb\/221-image-large-r0rlikzecultxdltql0ka2mqyx7n3pajbhxfn513wo.jpg\",\"mobile\":\"https:\/\/iraragorri.com\/wp-content\/uploads\/bfi_thumb\/221-image-large-3g4tt6quhw18mtklknf17rj9bey7s5txby7lv1yrxsxkmyzou.jpg\",\"responsive\":\"true\"}' alt=\"\" \/>\n\t\t\t<\/div>\n\n\t\t\n\t\t<!-- empty PNG to stretch slider and make it responsive outside of js as the slider adjusts height and width to container sizes  -->\n\t\t<img decoding=\"async\" src=\"https:\/\/iraragorri.com\/wp-content\/uploads\/bfi_thumb\/dummy-transparent-r0rlij3glht4l2aswx8ezdoepvdlfasq2nwpni5cp0.png\"  style=\"visibility: hidden;\" \/>\n\n\t<\/div>\n\n\t\t<ul id=\"flex-direction-nav-13\" class=\"flex-direction-nav\">\n\t\t<li><a class=\"flex-prev\" href=\"#\"  data-direction=\"prev\"><svg  class=\"mk-svg-icon\" data-name=\"mk-jupiter-icon-arrow-left\" data-cacheid=\"icon-69ecaa2d424e4\" xmlns=\"http:\/\/www.w3.org\/2000\/svg\" viewbox=\"0 0 512 512\"><path d=\"M368 505.6c-8 0-16-3.2-22.4-8l-240-225.6c-6.4-6.4-9.6-14.4-9.6-24 0-8 3.2-16 9.6-22.4l240-224c12.8-11.2 33.6-11.2 44.8 1.6 12.8 12.8 11.2 32-1.6 44.8l-214.4 201.6 216 203.2c12.8 11.2 12.8 32 0 44.8-4.8 4.8-14.4 8-22.4 8z\"\/><\/svg><\/a><\/li>\n\t\t<li><a class=\"flex-next\" href=\"#\"  data-direction=\"next\"><svg  class=\"mk-svg-icon\" data-name=\"mk-jupiter-icon-arrow-right\" data-cacheid=\"icon-69ecaa2d425bc\" xmlns=\"http:\/\/www.w3.org\/2000\/svg\" viewbox=\"0 0 512 512\"><path d=\"M144 505.6c8 0 16-3.2 22.4-8l240-225.6c6.4-6.4 9.6-14.4 9.6-22.4s-3.2-16-9.6-22.4l-240-224c-12.8-12.8-32-12.8-44.8 0s-11.2 32 1.6 44.8l214.4 201.6-216 203.2c-12.8 11.2-12.8 32 0 44.8 6.4 4.8 14.4 8 22.4 8z\"\/><\/svg><\/a><\/li>\n\t<\/ul>\n\t<\/div>\n\n\n<div id=\"padding-14\" class=\"mk-padding-divider visible-sm  clearfix\"><\/div>\n\n<\/div><\/div><\/div><div class=\"wpb_column vc_column_container vc_col-sm-6\"><div class=\"vc_column-inner\"><div class=\"wpb_wrapper\">\n<h3 id=\"fancy-title-15\" class=\"mk-fancy-title  simple-style   color-single\">\n\t<span>\n\t\t\t\t<p>Our hotel\u2019s history<\/p>\n\t\t\t<\/span>\n<\/h3>\n<div class=\"clearboth\"><\/div>\n\n\n\n<style>#fancy-title-15 {font-family: \"Merriweather\"}<\/style>\t<div class=\"vc_custom_1639493225818\">\n\n<div id=\"text-block-16\" class=\"mk-text-block\">\n\n\t\n\t<p>El hotel Iraragorri Etxea es un antiguo caser\u00edo del siglo XV que fue restaurado \u00edntegramente, conserva todos los elementos caracter\u00edsticos de la arquitectura tradicional vasca, gruesos muros de piedra y estructura de vigas seculares de madera de roble. Este caser\u00edo vizca\u00edno ocupa un peque\u00f1o lugar en la gran historia del f\u00fatbol, ya que en \u00e9l vivi\u00f3 una de las leyendas del Athletic y del f\u00fatbol espa\u00f1ol, Jos\u00e9 Iraragorri.<\/p>\n<p>Iraragorri, along with Lafuente, Bata, Chirri and Gorostiza, belonged to the mythical forward line of the team between 1930 and 1936 won four League titles and four cups, the most successful Athletic generation ever. During the 1934 World Cup in Italy, playing against Brazil, Iraragorri scored Spain\u2019s first goal in a World Cup. That was also the only occasion in which Spain has beaten Brazil in a world championship. One can only guess what the team\u2019s further evolution would have been like had not the Spanish Civil War interrupted such epic performance!<\/p>\n<p>During the Civil War, Iraragorri joined the Euskadi National Team\u2019s tours around Europe and America where he eventually settled, first in Argentina playing for the San Lorenzo de Almagro team, and later in Mexico with the Club Espa\u00f1a. He later returned from exile in 1946 and played for Athletic again with a new generation; eventually, he became the Red and Whites\u2019 coach between 1949 and 1952 winning the Cup in 1950.<\/p>\n<p>These are all memories of an eventful life that his family \u2013his widow, Concepci\u00f3n Bengoetxea and his children, Mar\u00eda and Joseba\u2013 are keen to preserve. This is why the Iraragorri Hotel and now the Petit Komit\u00e9 Restaurant are both a heart-felt silent tribute to him.<\/p>\n\n\t<div class=\"clearboth\"><\/div>\n<\/div>\n\n\t<\/div>\n<\/div><\/div><\/div>\t\t\n<\/div>\n<div class=\"vc_empty_space\"   style=\"height: 20px\"><span class=\"vc_empty_space_inner\"><\/span><\/div>\n<div id=\"padding-17\" class=\"mk-padding-divider   clearfix\"><\/div>\n\n<\/div>\n<\/div>\n            <div class=\"clearboth\"><\/div>\n        <\/div>\n\n\n\t\t\t\n\t\t\t\n\t\t\t\n\t\t<div class=\"clearboth\"><\/div>\n\t<\/div>\n<\/div>\n<div class=\"vc_row-full-width vc_clearfix\"><\/div>\n\n\n<div class=\"mk-page-section-wrapper\" data-mk-full-width=\"true\" data-mk-full-width-init=\"true\" data-mk-stretch-content=\"true\">\n\t<div id=\"page-section-18\" class=\"mk-page-section self-hosted   full_layout full-width-18 js-el js-master-row\"    data-intro-effect=\"false\">\n\n\t\t\t\n\t\t\t<div class=\"mk-page-section-inner\">\n\t\t\t\t\n\n\n<div class=\"mk-video-color-mask\"><\/div>\n\n\t\t\t\t\n\t\t\t\t\t\t\t<\/div>\n\n\t\t\t\n        <div class=\"page-section-content vc_row-fluid mk-grid\" >\n            <div class=\"mk-padding-wrapper wpb_row\">\n<div class=\"vc_col-sm-12 wpb_column column_container   _ height-full\">\n\t\n<div id=\"padding-20\" class=\"mk-padding-divider   clearfix\"><\/div>\n\n\n<h2 id=\"fancy-title-21\" class=\"mk-fancy-title  simple-style   color-single\">\n\t<span>\n\t\t\t\t<p>Exclusive benefits of booking with us<\/p>\n\t\t\t<\/span>\n<\/h2>\n<div class=\"clearboth\"><\/div>\n\n\n\n<style>#fancy-title-21 {font-family: \"Merriweather\"}<\/style>\n<span id=\"fancy-title-22\" class=\"mk-fancy-title  simple-style   color-single\">\n\t<span>\n\t\t\t\t<p>www.iraragorri.net<\/p>\n\t\t\t<\/span>\n<\/span>\n<div class=\"clearboth\"><\/div>\n\n\n\n<div class=\"vc_empty_space\"   style=\"height: 30px\"><span class=\"vc_empty_space_inner\"><\/span><\/div>\n\n<div class=\"wpb_row vc_inner vc_row vc_row-fluid    attched-false\">\n\t\t\n\t\t<div class=\"wpb_column vc_column_container vc_col-sm-3\"><div class=\"vc_column-inner\"><div class=\"wpb_wrapper\">\n<div id=\"box-icon-23\" class=\"mk-box-icon   boxed-style   clearfix\">\n\n    <div class=\"icon-box-boxed top\">\n\n\t<i class=\"mk-main-ico\"><svg  class=\"mk-svg-icon\" data-name=\"mk-icon-check\" data-cacheid=\"icon-69ecaa2d4402c\" xmlns=\"http:\/\/www.w3.org\/2000\/svg\" viewbox=\"0 0 1792 1792\"><path d=\"M1671 566q0 40-28 68l-724 724-136 136q-28 28-68 28t-68-28l-136-136-362-362q-28-28-28-68t28-68l136-136q28-28 68-28t68 28l294 295 656-657q28-28 68-28t68 28l136 136q28 28 28 68z\"\/><\/svg><\/i><h4 class=\"icon-box-title\">\n     DIRECT CLIENTS<\/h4>\n\n\n<p>Exclusive benefits for direct clients<\/p>\n\n\t<div class=\"clearboth\"><\/div>\n<\/div>\n\n\n\n    <div class=\"clearboth\"><\/div>\n<\/div>\n\n\n\n\n<\/div><\/div><\/div><div class=\"wpb_column vc_column_container vc_col-sm-3\"><div class=\"vc_column-inner\"><div class=\"wpb_wrapper\">\n<div id=\"box-icon-24\" class=\"mk-box-icon   boxed-style   clearfix\">\n\n    <div class=\"icon-box-boxed top\">\n\n\t<i class=\"mk-main-ico\"><svg  class=\"mk-svg-icon\" data-name=\"mk-icon-star-half-empty\" data-cacheid=\"icon-69ecaa2d4456f\" xmlns=\"http:\/\/www.w3.org\/2000\/svg\" viewbox=\"0 0 1664 1792\"><path d=\"M1186 957l257-250-356-52-66-10-30-60-159-322v963l59 31 318 168-60-355-12-66zm452-262l-363 354 86 500q5 33-6 51.5t-34 18.5q-17 0-40-12l-449-236-449 236q-23 12-40 12-23 0-34-18.5t-6-51.5l86-500-364-354q-32-32-23-59.5t54-34.5l502-73 225-455q20-41 49-41 28 0 49 41l225 455 502 73q45 7 54 34.5t-24 59.5z\"\/><\/svg><\/i><h4 class=\"icon-box-title\">\n     BEST PRICE<\/h4>\n\n\n<p>Find the best prices and the best conditions on our website<\/p>\n\n\t<div class=\"clearboth\"><\/div>\n<\/div>\n\n\n\n    <div class=\"clearboth\"><\/div>\n<\/div>\n\n\n\n\n<\/div><\/div><\/div><div class=\"wpb_column vc_column_container vc_col-sm-3\"><div class=\"vc_column-inner\"><div class=\"wpb_wrapper\">\n<div id=\"box-icon-25\" class=\"mk-box-icon   boxed-style   clearfix\">\n\n    <div class=\"icon-box-boxed top\">\n\n\t<i class=\"mk-main-ico\"><svg  class=\"mk-svg-icon\" data-name=\"mk-icon-thumbs-o-up\" data-cacheid=\"icon-69ecaa2d449f1\" xmlns=\"http:\/\/www.w3.org\/2000\/svg\" viewbox=\"0 0 1536 1792\"><path d=\"M256 1344q0-26-19-45t-45-19-45 19-19 45 19 45 45 19 45-19 19-45zm1152-576q0-51-39-89.5t-89-38.5h-352q0-58 48-159.5t48-160.5q0-98-32-145t-128-47q-26 26-38 85t-30.5 125.5-59.5 109.5q-22 23-77 91-4 5-23 30t-31.5 41-34.5 42.5-40 44-38.5 35.5-40 27-35.5 9h-32v640h32q13 0 31.5 3t33 6.5 38 11 35 11.5 35.5 12.5 29 10.5q211 73 342 73h121q192 0 192-167 0-26-5-56 30-16 47.5-52.5t17.5-73.5-18-69q53-50 53-119 0-25-10-55.5t-25-47.5q32-1 53.5-47t21.5-81zm128-1q0 89-49 163 9 33 9 69 0 77-38 144 3 21 3 43 0 101-60 178 1 139-85 219.5t-227 80.5h-129q-96 0-189.5-22.5t-216.5-65.5q-116-40-138-40h-288q-53 0-90.5-37.5t-37.5-90.5v-640q0-53 37.5-90.5t90.5-37.5h274q36-24 137-155 58-75 107-128 24-25 35.5-85.5t30.5-126.5 62-108q39-37 90-37 84 0 151 32.5t102 101.5 35 186q0 93-48 192h176q104 0 180 76t76 179z\"\/><\/svg><\/i><h4 class=\"icon-box-title\">\n     PRIORITY ALLOCATION<\/h4>\n\n\n<p>Priority in the allocation of rooms for direct clients<\/p>\n\n\t<div class=\"clearboth\"><\/div>\n<\/div>\n\n\n\n    <div class=\"clearboth\"><\/div>\n<\/div>\n\n\n\n\n<\/div><\/div><\/div><div class=\"wpb_column vc_column_container vc_col-sm-3\"><div class=\"vc_column-inner\"><div class=\"wpb_wrapper\">\n<div id=\"box-icon-26\" class=\"mk-box-icon   boxed-style   clearfix\">\n\n    <div class=\"icon-box-boxed top\">\n\n\t<i class=\"mk-main-ico\"><svg  class=\"mk-svg-icon\" data-name=\"mk-moon-lock-2\" data-cacheid=\"icon-69ecaa2d44f58\" xmlns=\"http:\/\/www.w3.org\/2000\/svg\" viewbox=\"0 0 512 512\"><path d=\"M416 224h-32v-96c0-70.692-57.308-128-128-128-70.692 0-128 57.308-128 128v96h-32c-17.6 0-32 14.4-32 32v224c0 17.6 14.4 32 32 32h320c17.6 0 32-14.4 32-32v-224c0-17.6-14.4-32-32-32zm-160 192c-17.673 0-32-14.327-32-32s14.327-32 32-32 32 14.327 32 32-14.327 32-32 32zm64-192h-128v-96c0-35.29 28.71-64 64-64s64 28.71 64 64v96z\"\/><\/svg><\/i><h4 class=\"icon-box-title\">\n     SAFE BOOKINGS<\/h4>\n\n\n<p>Book safely. Secure and coded data transfer<\/p>\n\n\t<div class=\"clearboth\"><\/div>\n<\/div>\n\n\n\n    <div class=\"clearboth\"><\/div>\n<\/div>\n\n\n\n\n<\/div><\/div><\/div>\t\t\n<\/div>\n<div class=\"vc_empty_space\"   style=\"height: 20px\"><span class=\"vc_empty_space_inner\"><\/span><\/div>\n<div id=\"padding-27\" class=\"mk-padding-divider   clearfix\"><\/div>\n\n<\/div>\n<\/div>\n            <div class=\"clearboth\"><\/div>\n        <\/div>\n\n\n\t\t\t\n\t\t\t\n\t\t\t\n\t\t<div class=\"clearboth\"><\/div>\n\t<\/div>\n<\/div>\n<div class=\"vc_row-full-width vc_clearfix\"><\/div>","protected":false},"excerpt":{"rendered":"Hotel Descubre la historia de nuestro hotel HOTEL IRARAGORRI Recuerdos de la azarosa vida de una de las leyendas del Athletic y del f\u00fatbol espa\u00f1ol, Jos\u00e9 Iraragorri Historia del Hotel El hotel Iraragorri Etxea es un antiguo caser\u00edo del siglo XV que fue restaurado \u00edntegramente, conserva todos los elementos caracter\u00edsticos de la arquitectura tradicional vasca, [...]","protected":false},"author":1,"featured_media":0,"parent":0,"menu_order":0,"comment_status":"closed","ping_status":"closed","template":"","meta":{"footnotes":""},"class_list":["post-26","page","type-page","status-publish","hentry"],"yoast_head":"<!-- This site is optimized with the Yoast SEO plugin v17.5 - https:\/\/yoast.com\/wordpress\/plugins\/seo\/ -->\n<title>Hotel - Hotel Iraragorri<\/title>\n<meta name=\"robots\" content=\"index, follow, max-snippet:-1, max-image-preview:large, max-video-preview:-1\" \/>\n<link rel=\"canonical\" href=\"https:\/\/iraragorri.com\/en\/hotel\/\" \/>\n<meta property=\"og:locale\" content=\"en_GB\" \/>\n<meta property=\"og:type\" content=\"article\" \/>\n<meta property=\"og:title\" content=\"Hotel - Hotel Iraragorri\" \/>\n<meta property=\"og:url\" content=\"https:\/\/iraragorri.com\/en\/hotel\/\" \/>\n<meta property=\"og:site_name\" content=\"Hotel Iraragorri\" \/>\n<meta property=\"article:modified_time\" content=\"2021-12-14T14:47:08+00:00\" \/>\n<meta name=\"twitter:card\" content=\"summary_large_image\" \/>\n<meta name=\"twitter:label1\" content=\"Estimated reading time\" \/>\n\t<meta name=\"twitter:data1\" content=\"4 minutes\" \/>\n<script type=\"application\/ld+json\" class=\"yoast-schema-graph\">{\"@context\":\"https:\/\/schema.org\",\"@graph\":[{\"@type\":\"WebSite\",\"@id\":\"https:\/\/iraragorri.com\/en\/#website\",\"url\":\"https:\/\/iraragorri.com\/en\/\",\"name\":\"Hotel Iraragorri\",\"description\":\"Web Oficial\",\"potentialAction\":[{\"@type\":\"SearchAction\",\"target\":{\"@type\":\"EntryPoint\",\"urlTemplate\":\"https:\/\/iraragorri.com\/en\/?s={search_term_string}\"},\"query-input\":\"required name=search_term_string\"}],\"inLanguage\":\"en-GB\"},{\"@type\":\"WebPage\",\"@id\":\"https:\/\/iraragorri.com\/hotel\/#webpage\",\"url\":\"https:\/\/iraragorri.com\/hotel\/\",\"name\":\"Hotel - Hotel Iraragorri\",\"isPartOf\":{\"@id\":\"https:\/\/iraragorri.com\/en\/#website\"},\"datePublished\":\"2021-10-20T09:54:37+00:00\",\"dateModified\":\"2021-12-14T14:47:08+00:00\",\"breadcrumb\":{\"@id\":\"https:\/\/iraragorri.com\/hotel\/#breadcrumb\"},\"inLanguage\":\"en-GB\",\"potentialAction\":[{\"@type\":\"ReadAction\",\"target\":[\"https:\/\/iraragorri.com\/hotel\/\"]}]},{\"@type\":\"BreadcrumbList\",\"@id\":\"https:\/\/iraragorri.com\/hotel\/#breadcrumb\",\"itemListElement\":[{\"@type\":\"ListItem\",\"position\":1,\"name\":\"Portada\",\"item\":\"https:\/\/iraragorri.com\/\"},{\"@type\":\"ListItem\",\"position\":2,\"name\":\"Hotel\"}]}]}<\/script>\n<!-- \/ Yoast SEO plugin. -->","yoast_head_json":{"title":"Hotel - Hotel Iraragorri","robots":{"index":"index","follow":"follow","max-snippet":"max-snippet:-1","max-image-preview":"max-image-preview:large","max-video-preview":"max-video-preview:-1"},"canonical":"https:\/\/iraragorri.com\/en\/hotel\/","og_locale":"en_GB","og_type":"article","og_title":"Hotel - Hotel Iraragorri","og_url":"https:\/\/iraragorri.com\/en\/hotel\/","og_site_name":"Hotel Iraragorri","article_modified_time":"2021-12-14T14:47:08+00:00","twitter_card":"summary_large_image","twitter_misc":{"Estimated reading time":"4 minutes"},"schema":{"@context":"https:\/\/schema.org","@graph":[{"@type":"WebSite","@id":"https:\/\/iraragorri.com\/en\/#website","url":"https:\/\/iraragorri.com\/en\/","name":"Hotel Iraragorri","description":"Web Oficial","potentialAction":[{"@type":"SearchAction","target":{"@type":"EntryPoint","urlTemplate":"https:\/\/iraragorri.com\/en\/?s={search_term_string}"},"query-input":"required name=search_term_string"}],"inLanguage":"en-GB"},{"@type":"WebPage","@id":"https:\/\/iraragorri.com\/hotel\/#webpage","url":"https:\/\/iraragorri.com\/hotel\/","name":"Hotel - Hotel Iraragorri","isPartOf":{"@id":"https:\/\/iraragorri.com\/en\/#website"},"datePublished":"2021-10-20T09:54:37+00:00","dateModified":"2021-12-14T14:47:08+00:00","breadcrumb":{"@id":"https:\/\/iraragorri.com\/hotel\/#breadcrumb"},"inLanguage":"en-GB","potentialAction":[{"@type":"ReadAction","target":["https:\/\/iraragorri.com\/hotel\/"]}]},{"@type":"BreadcrumbList","@id":"https:\/\/iraragorri.com\/hotel\/#breadcrumb","itemListElement":[{"@type":"ListItem","position":1,"name":"Portada","item":"https:\/\/iraragorri.com\/"},{"@type":"ListItem","position":2,"name":"Hotel"}]}]}},"_links":{"self":[{"href":"https:\/\/iraragorri.com\/en\/wp-json\/wp\/v2\/pages\/26","targetHints":{"allow":["GET"]}}],"collection":[{"href":"https:\/\/iraragorri.com\/en\/wp-json\/wp\/v2\/pages"}],"about":[{"href":"https:\/\/iraragorri.com\/en\/wp-json\/wp\/v2\/types\/page"}],"author":[{"embeddable":true,"href":"https:\/\/iraragorri.com\/en\/wp-json\/wp\/v2\/users\/1"}],"replies":[{"embeddable":true,"href":"https:\/\/iraragorri.com\/en\/wp-json\/wp\/v2\/comments?post=26"}],"version-history":[{"count":7,"href":"https:\/\/iraragorri.com\/en\/wp-json\/wp\/v2\/pages\/26\/revisions"}],"predecessor-version":[{"id":257,"href":"https:\/\/iraragorri.com\/en\/wp-json\/wp\/v2\/pages\/26\/revisions\/257"}],"wp:attachment":[{"href":"https:\/\/iraragorri.com\/en\/wp-json\/wp\/v2\/media?parent=26"}],"curies":[{"name":"wp","href":"https:\/\/api.w.org\/{rel}","templated":true}]}}