{"id":233,"date":"2021-10-21T14:53:35","date_gmt":"2021-10-21T12:53:35","guid":{"rendered":"https:\/\/iraragorri.com\/?page_id=233"},"modified":"2021-10-21T15:01:43","modified_gmt":"2021-10-21T13:01:43","slug":"brasa","status":"publish","type":"page","link":"https:\/\/iraragorri.com\/en\/restaurant\/grill\/","title":{"rendered":"La Brasa"},"content":{"rendered":"<div class=\"mk-page-section-wrapper\" data-mk-full-width=\"true\" data-mk-full-width-init=\"true\" data-mk-stretch-content=\"true\">\n\t<div id=\"page-section-1\" class=\"mk-page-section self-hosted   full_layout full-width-1 js-el js-master-row     center-y\"    data-intro-effect=\"false\">\n\n\t\t\t\n\t\t\t<div class=\"mk-page-section-inner\">\n\t\t\t\t\n\n\n<div style=\"background-color:#000000;opacity:0.3;\" class=\"mk-video-color-mask\"><\/div>\n\n\t\t\t\t\n\t\t\t\t\n\t\t\n\n\t<div class=\"background-layer-holder\">\n\t\t<div id=\"background-layer--1\" data-mk-lazyload=\"false\" class=\"background-layer mk-background-stretch none-blend-effect js-el\"    data-mk-img-set='{\"landscape\":{\"desktop\":\"https:\/\/iraragorri.com\/wp-content\/uploads\/2021\/10\/19-image-full.jpg\",\"tablet\":\"https:\/\/iraragorri.com\/wp-content\/uploads\/2021\/10\/19-image-full-1024x768.jpg\",\"mobile\":\"https:\/\/iraragorri.com\/wp-content\/uploads\/2021\/10\/19-image-full-736x414.jpg\"},\"responsive\":\"true\"}' >\n\t\t\t\t\t\t\t\t\t<div class=\"mk-color-layer\"><\/div>\n\t\t<\/div>\n\t<\/div>\n\n\t\t\t<\/div>\n\n\t\t\t\n        <div class=\"page-section-content vc_row-fluid mk-grid\" >\n            <div class=\"mk-padding-wrapper wpb_row\">\n<div class=\"vc_col-sm-12 wpb_column column_container   _ height-full\">\n\t<div class=\"vc_empty_space\"   style=\"height: 80px\"><span class=\"vc_empty_space_inner\"><\/span><\/div>\n\n<div class=\"wpb_row vc_inner vc_row vc_row-fluid    attched-false\">\n\t\t\n\t\t<div class=\"wpb_column vc_column_container vc_col-sm-2\"><div class=\"vc_column-inner\"><div class=\"wpb_wrapper\"><\/div><\/div><\/div><div class=\"wpb_column vc_column_container vc_col-sm-2\"><div class=\"vc_column-inner\"><div class=\"wpb_wrapper\"><\/div><\/div><\/div><div class=\"wpb_column vc_column_container vc_col-sm-2\"><div class=\"vc_column-inner\"><div class=\"wpb_wrapper\">\n\t<div  class=\"wpb_single_image wpb_content_element vc_align_center\">\n\t\t\n\t\t<figure class=\"wpb_wrapper vc_figure\">\n\t\t\t<div class=\"vc_single_image-wrapper   vc_box_border_grey\"><img loading=\"lazy\" decoding=\"async\" class=\"vc_single_image-img\" src=\"https:\/\/iraragorri.com\/wp-content\/uploads\/2021\/10\/logo_petit_komite-2-200x200.png\" width=\"200\" height=\"200\" alt=\"logo_petit_komite-2\" title=\"logo_petit_komite-2\" \/><\/div>\n\t\t<\/figure>\n\t<\/div>\n<\/div><\/div><\/div><div class=\"wpb_column vc_column_container vc_col-sm-2\"><div class=\"vc_column-inner\"><div class=\"wpb_wrapper\">\n\t<div  class=\"wpb_single_image wpb_content_element vc_align_center\">\n\t\t\n\t\t<figure class=\"wpb_wrapper vc_figure\">\n\t\t\t<div class=\"vc_single_image-wrapper   vc_box_border_grey\"><img loading=\"lazy\" decoding=\"async\" class=\"vc_single_image-img\" src=\"https:\/\/iraragorri.com\/wp-content\/uploads\/2021\/10\/qr-petitkomite-web-1-200x200.png\" width=\"200\" height=\"200\" alt=\"qr-petitkomite-web-1\" title=\"qr-petitkomite-web-1\" \/><\/div>\n\t\t<\/figure>\n\t<\/div>\n<\/div><\/div><\/div><div class=\"wpb_column vc_column_container vc_col-sm-2\"><div class=\"vc_column-inner\"><div class=\"wpb_wrapper\"><\/div><\/div><\/div><div class=\"wpb_column vc_column_container vc_col-sm-2\"><div class=\"vc_column-inner\"><div class=\"wpb_wrapper\"><\/div><\/div><\/div>\t\t\n<\/div>\n\n<h3 id=\"fancy-title-3\" class=\"mk-fancy-title  simple-style   color-single\">\n\t<span>\n\t\t\t\t<p>Restaurant Petit Komit\u00e9, a secret to share<\/p>\n\t\t\t<\/span>\n<\/h3>\n<div class=\"clearboth\"><\/div>\n\n\n\n\n<div id=\"padding-4\" class=\"mk-padding-divider   clearfix\"><\/div>\n\n<div class=\"vc_empty_space\"   style=\"height: 60px\"><span class=\"vc_empty_space_inner\"><\/span><\/div><\/div>\n<\/div>\n            <div class=\"clearboth\"><\/div>\n        <\/div>\n\n\n\t\t\t\n\t\t\t\n\t\t\t\n\t\t<div class=\"clearboth\"><\/div>\n\t<\/div>\n<\/div>\n<div class=\"vc_row-full-width vc_clearfix\"><\/div>\n\n\n<div class=\"mk-page-section-wrapper\" data-mk-full-width=\"true\" data-mk-full-width-init=\"true\" data-mk-stretch-content=\"true\">\n\t<div id=\"page-section-5\" class=\"mk-page-section self-hosted   full_layout full-width-5 js-el js-master-row\"    data-intro-effect=\"false\">\n\n\t\t\t\n\t\t\t<div class=\"mk-page-section-inner\">\n\t\t\t\t\n\n\n<div class=\"mk-video-color-mask\"><\/div>\n\n\t\t\t\t\n\t\t\t\t\t\t\t<\/div>\n\n\t\t\t\n        <div class=\"page-section-content vc_row-fluid mk-grid\" >\n            <div class=\"mk-padding-wrapper wpb_row\">\n<div class=\"vc_col-sm-12 wpb_column column_container   _ height-full\">\n\t\n<div id=\"padding-7\" class=\"mk-padding-divider   clearfix\"><\/div>\n\n<div class=\"vc_empty_space\"   style=\"height: 20px\"><span class=\"vc_empty_space_inner\"><\/span><\/div>\n<h3 id=\"fancy-title-8\" class=\"mk-fancy-title  simple-style   color-single\">\n\t<span>\n\t\t\t\t<p>A VERY SPECIAL SECRET TO SHARE<\/p>\n\t\t\t<\/span>\n<\/h3>\n<div class=\"clearboth\"><\/div>\n\n\n\n\n\n<div class=\"wpb_row vc_inner vc_row vc_row-fluid    attched-false\">\n\t\t\n\t\t<div class=\"wpb_column vc_column_container vc_col-sm-1\"><div class=\"vc_column-inner\"><div class=\"wpb_wrapper\"><\/div><\/div><\/div><div class=\"wpb_column vc_column_container vc_col-sm-10\"><div class=\"vc_column-inner\"><div class=\"wpb_wrapper\">\n<h2 id=\"fancy-title-9\" class=\"mk-fancy-title  simple-style   color-single\">\n\t<span>\n\t\t\t\t<p>Restaurant Petit Komit\u00e9, a universe of history in an intimate and pleasantly sober atmospher<\/p>\n\t\t\t<\/span>\n<\/h2>\n<div class=\"clearboth\"><\/div>\n\n\n\n<style>#fancy-title-9 {font-family: \"Merriweather\"}<\/style><\/div><\/div><\/div><div class=\"wpb_column vc_column_container vc_col-sm-1\"><div class=\"vc_column-inner\"><div class=\"wpb_wrapper\"><\/div><\/div><\/div>\t\t\n<\/div>\n\n\n<div class=\"wpb_row vc_inner vc_row vc_row-fluid    attched-false\">\n\t\t\n\t\t<div class=\"wpb_column vc_column_container vc_col-sm-2\"><div class=\"vc_column-inner\"><div class=\"wpb_wrapper\"><\/div><\/div><\/div><div class=\"wpb_column vc_column_container vc_col-sm-8\"><div class=\"vc_column-inner\"><div class=\"wpb_wrapper\">\t<div class=\"vc_custom_1634733651416\">\n\n<div id=\"text-block-10\" class=\"mk-text-block\">\n\n\t\n\t<p>This universe combines history, past, present and future to create an intimate and pleasantly sober atmosphere ideal for\nbusiness meetings, friends reunions and romantic breaks alike, as well as housing Petit Komit\u00e9\u2019s eight exclusive tables.<\/p>\n\n\t<div class=\"clearboth\"><\/div>\n<\/div>\n\n\t<\/div>\n<\/div><\/div><\/div><div class=\"wpb_column vc_column_container vc_col-sm-2\"><div class=\"vc_column-inner\"><div class=\"wpb_wrapper\"><\/div><\/div><\/div>\t\t\n<\/div>\n<div class=\"vc_empty_space\"   style=\"height: 60px\"><span class=\"vc_empty_space_inner\"><\/span><\/div>\n\n<div class=\"wpb_row vc_inner vc_row vc_row-fluid    attched-false\">\n\t\t\n\t\t<div class=\"wpb_column vc_column_container vc_col-sm-6\"><div class=\"vc_column-inner\"><div class=\"wpb_wrapper\"><div  class=\"mk-image mk-image-11   align-left simple-frame inside-image\" style=\"margin-bottom:10px\"><div class=\"mk-image-container\" style=\"max-width: 870px;\"><div  class=\"mk-image-holder\" style=\"max-width: 870px;\"><div class=\"mk-image-inner\"><img loading=\"lazy\" decoding=\"async\" class=\"lightbox-false\" alt=\"231-image-screen\" title=\"231-image-screen\" width=\"870\" height=\"261\" src=\"https:\/\/iraragorri.com\/wp-content\/uploads\/bfi_thumb\/231-image-screen-r0rlikz5cbi8e2j6wd8as7rty5gvk3l2p0qr1en910.jpg\" \/><\/div><\/div><div class=\"clearboth\"><\/div><\/div><\/div><\/div><\/div><\/div><div class=\"wpb_column vc_column_container vc_col-sm-6\"><div class=\"vc_column-inner\"><div class=\"wpb_wrapper\">\n<h2 id=\"fancy-title-12\" class=\"mk-fancy-title  simple-style   color-single\">\n\t<span>\n\t\t\t\t<p>Grill<\/p>\n\t\t\t<\/span>\n<\/h2>\n<div class=\"clearboth\"><\/div>\n\n\n\n<style>#fancy-title-12 {font-family: \"Merriweather\"}<\/style>\n<h3 id=\"fancy-title-13\" class=\"mk-fancy-title  simple-style   color-single\">\n\t<span>\n\t\t\t\t<p>An original and surprising proposal<\/p>\n\t\t\t<\/span>\n<\/h3>\n<div class=\"clearboth\"><\/div>\n\n\n\n\t<div class=\"vc_custom_1634820709714\">\n\n<div id=\"text-block-14\" class=\"mk-text-block\">\n\n\t\n\t<p>Petit Komit\u00e9\u2019s kitchens are not restricted to the inside of our restaurant; they have also found their way outdoors and adopted the form of a massive near-two-ton stone oven chiselled out of one single rock weighing more than four tons where, over the finest choice of wood logs, our chefs grill their most spectacular creations \u2212 charcoal meat and fish dishes as well as other veggie and non-veggie, sweet and savoury proposals that will exceed customers\u2019 expectations beyond anything they may have imagined.<\/p>\n<p>\u3164<\/p>\n<p>\u3164<\/p>\n\n\t<div class=\"clearboth\"><\/div>\n<\/div>\n\n\t<\/div>\n<\/div><\/div><\/div>\t\t\n<\/div>\n<div class=\"vc_empty_space\"   style=\"height: 40px\"><span class=\"vc_empty_space_inner\"><\/span><\/div><\/div>\n<\/div>\n            <div class=\"clearboth\"><\/div>\n        <\/div>\n\n\n\t\t\t\n\t\t\t\n\t\t\t\n\t\t<div class=\"clearboth\"><\/div>\n\t<\/div>\n<\/div>\n<div class=\"vc_row-full-width vc_clearfix\"><\/div>\n\n\n<div class=\"mk-page-section-wrapper\" data-mk-full-width=\"true\" data-mk-full-width-init=\"true\" data-mk-stretch-content=\"true\">\n\t<div id=\"page-section-15\" class=\"mk-page-section self-hosted   full_layout full-width-15 js-el js-master-row\"    data-intro-effect=\"false\">\n\n\t\t\t\n\t\t\t<div class=\"mk-page-section-inner\">\n\t\t\t\t\n\n\n<div class=\"mk-video-color-mask\"><\/div>\n\n\t\t\t\t\n\t\t\t\t\t\t\t<\/div>\n\n\t\t\t\n        <div class=\"page-section-content vc_row-fluid mk-grid\" >\n            <div class=\"mk-padding-wrapper wpb_row\">\n<div class=\"vc_col-sm-12 wpb_column column_container   _ height-full\">\n\t\n<h2 id=\"fancy-title-17\" class=\"mk-fancy-title  simple-style   color-single\">\n\t<span>\n\t\t\t\t<p>Petit Komit\u00e9<\/p>\n\t\t\t<\/span>\n<\/h2>\n<div class=\"clearboth\"><\/div>\n\n\n\n<style>#fancy-title-17 {font-family: \"Merriweather\"}<\/style>\n<h3 id=\"fancy-title-18\" class=\"mk-fancy-title  simple-style   color-single\">\n\t<span>\n\t\t\t\t<p>A universe that combines history, past, present and future<\/p>\n\t\t\t<\/span>\n<\/h3>\n<div class=\"clearboth\"><\/div>\n\n\n\n\n<div id=\"padding-19\" class=\"mk-padding-divider   clearfix\"><\/div>\n\n\n\n<div class=\"wpb_row vc_inner vc_row vc_row-fluid    attched-false\">\n\t\t\n\t\t<div class=\"wpb_column vc_column_container vc_col-sm-1\/5\"><div class=\"vc_column-inner\"><div class=\"wpb_wrapper\">\n<div class=\"mk-custom-box petit hover-effect-image\" id=\"box-20\">\n\t<div class=\"box-holder\">\n<div class=\"vc_empty_space\" style=\"height: 50px\"><span class=\"vc_empty_space_inner\"><\/span><\/div>\n<h3 id=\"fancy-title-21\" class=\"mk-fancy-title  simple-style   color-single\">\n\t<span>\n\t\t\t\t<p>Petit Komit\u00e9<\/p>\n\t\t\t<\/span>\n<\/h3>\n<div class=\"clearboth\"><\/div>\n\n\n\n<style>#fancy-title-21 {font-family: \"Merriweather\"}<\/style>\n\t\t<div class=\"clearfix\"><\/div>\n\t<div class=\"mk-custom-box--overlay\"><\/div>\n<\/div>\n<\/div> <\/div><\/div><\/div><div class=\"wpb_column vc_column_container vc_col-sm-1\/5\"><div class=\"vc_column-inner\"><div class=\"wpb_wrapper\">\n<div class=\"mk-custom-box carta hover-effect-image\" id=\"box-22\">\n\t<div class=\"box-holder\">\n<div class=\"vc_empty_space\" style=\"height: 50px\"><span class=\"vc_empty_space_inner\"><\/span><\/div>\n<h3 id=\"fancy-title-23\" class=\"mk-fancy-title  simple-style   color-single\">\n\t<span>\n\t\t\t\t<p>Our men\u00fa<\/p>\n\t\t\t<\/span>\n<\/h3>\n<div class=\"clearboth\"><\/div>\n\n\n\n<style>#fancy-title-23 {font-family: \"Merriweather\"}<\/style>\n\t\t<div class=\"clearfix\"><\/div>\n\t<div class=\"mk-custom-box--overlay\"><\/div>\n<\/div>\n<\/div> <\/div><\/div><\/div><div class=\"wpb_column vc_column_container vc_col-sm-1\/5\"><div class=\"vc_column-inner\"><div class=\"wpb_wrapper\">\n<div class=\"mk-custom-box vinoteca hover-effect-image\" id=\"box-24\">\n\t<div class=\"box-holder\">\n<div class=\"vc_empty_space\" style=\"height: 50px\"><span class=\"vc_empty_space_inner\"><\/span><\/div>\n<h3 id=\"fancy-title-25\" class=\"mk-fancy-title  simple-style   color-single\">\n\t<span>\n\t\t\t\t<p>Cellar<\/p>\n\t\t\t<\/span>\n<\/h3>\n<div class=\"clearboth\"><\/div>\n\n\n\n<style>#fancy-title-25 {font-family: \"Merriweather\"}<\/style>\n\t\t<div class=\"clearfix\"><\/div>\n\t<\/div>\n<\/div> <\/div><\/div><\/div><div class=\"wpb_column vc_column_container vc_col-sm-1\/5\"><div class=\"vc_column-inner\"><div class=\"wpb_wrapper\">\n<div class=\"mk-custom-box brasa hover-effect-image\" id=\"box-26\">\n\t<div class=\"box-holder\">\n<div class=\"vc_empty_space\" style=\"height: 50px\"><span class=\"vc_empty_space_inner\"><\/span><\/div>\n<h3 id=\"fancy-title-27\" class=\"mk-fancy-title  simple-style   color-single\">\n\t<span>\n\t\t\t\t<p>Grill<\/p>\n\t\t\t<\/span>\n<\/h3>\n<div class=\"clearboth\"><\/div>\n\n\n\n<style>#fancy-title-27 {font-family: \"Merriweather\"}<\/style>\n\t\t<div class=\"clearfix\"><\/div>\n\t<\/div>\n<\/div> <\/div><\/div><\/div><div class=\"wpb_column vc_column_container vc_col-sm-1\/5\"><div class=\"vc_column-inner\"><div class=\"wpb_wrapper\">\n<div class=\"mk-custom-box eventos hover-effect-image\" id=\"box-28\">\n\t<div class=\"box-holder\">\n<div class=\"vc_empty_space\" style=\"height: 50px\"><span class=\"vc_empty_space_inner\"><\/span><\/div>\n<h3 id=\"fancy-title-29\" class=\"mk-fancy-title  simple-style   color-single\">\n\t<span>\n\t\t\t\t<p>Events<\/p>\n\t\t\t<\/span>\n<\/h3>\n<div class=\"clearboth\"><\/div>\n\n\n\n<style>#fancy-title-29 {font-family: \"Merriweather\"}<\/style>\n\t\t<div class=\"clearfix\"><\/div>\n\t<\/div>\n<\/div> <\/div><\/div><\/div>\t\t\n<\/div>\n<div class=\"vc_empty_space\"   style=\"height: 20px\"><span class=\"vc_empty_space_inner\"><\/span><\/div>\n<div id=\"padding-30\" class=\"mk-padding-divider   clearfix\"><\/div>\n\n<\/div>\n<\/div>\n            <div class=\"clearboth\"><\/div>\n        <\/div>\n\n\n\t\t\t\n\t\t\t\n\t\t\t\n\t\t<div class=\"clearboth\"><\/div>\n\t<\/div>\n<\/div>\n<div class=\"vc_row-full-width vc_clearfix\"><\/div>\n\n\n<div class=\"mk-page-section-wrapper\" data-mk-full-width=\"true\" data-mk-full-width-init=\"true\" data-mk-stretch-content=\"true\">\n\t<div id=\"page-section-31\" class=\"mk-page-section self-hosted   full_layout full-width-31 js-el js-master-row\"    data-intro-effect=\"false\">\n\n\t\t\t\n\t\t\t<div class=\"mk-page-section-inner\">\n\t\t\t\t\n\n\n<div class=\"mk-video-color-mask\"><\/div>\n\n\t\t\t\t\n\t\t\t\t\t\t\t<\/div>\n\n\t\t\t\n        <div class=\"page-section-content vc_row-fluid mk-grid\" >\n            <div class=\"mk-padding-wrapper wpb_row\">\n<div class=\"vc_col-sm-12 wpb_column column_container   _ height-full\">\n\t<div class=\"vc_empty_space\"   style=\"height: 20px\"><span class=\"vc_empty_space_inner\"><\/span><\/div>\n<div id=\"padding-33\" class=\"mk-padding-divider   clearfix\"><\/div>\n\n\n<h2 id=\"fancy-title-34\" class=\"mk-fancy-title  simple-style   color-single\">\n\t<span>\n\t\t\t\t<p>Exclusive benefits of booking with us<\/p>\n\t\t\t<\/span>\n<\/h2>\n<div class=\"clearboth\"><\/div>\n\n\n\n<style>#fancy-title-34 {font-family: \"Merriweather\"}<\/style>\n<span id=\"fancy-title-35\" class=\"mk-fancy-title  simple-style   color-single\">\n\t<span>\n\t\t\t\t<p>www.iraragorri.net<\/p>\n\t\t\t<\/span>\n<\/span>\n<div class=\"clearboth\"><\/div>\n\n\n\n<div class=\"vc_empty_space\"   style=\"height: 30px\"><span class=\"vc_empty_space_inner\"><\/span><\/div>\n\n<div class=\"wpb_row vc_inner vc_row vc_row-fluid    attched-false\">\n\t\t\n\t\t<div class=\"wpb_column vc_column_container vc_col-sm-3\"><div class=\"vc_column-inner\"><div class=\"wpb_wrapper\">\n<div id=\"box-icon-36\" class=\"mk-box-icon   boxed-style   clearfix\">\n\n    <div class=\"icon-box-boxed top\">\n\n\t<i class=\"mk-main-ico\"><svg  class=\"mk-svg-icon\" data-name=\"mk-icon-check\" data-cacheid=\"icon-69d1ab6bb331d\" xmlns=\"http:\/\/www.w3.org\/2000\/svg\" viewbox=\"0 0 1792 1792\"><path d=\"M1671 566q0 40-28 68l-724 724-136 136q-28 28-68 28t-68-28l-136-136-362-362q-28-28-28-68t28-68l136-136q28-28 68-28t68 28l294 295 656-657q28-28 68-28t68 28l136 136q28 28 28 68z\"\/><\/svg><\/i><h4 class=\"icon-box-title\">\n     DIRECT CLIENTS<\/h4>\n\n\n<p>Exclusive benefits for direct clients<\/p>\n\n\t<div class=\"clearboth\"><\/div>\n<\/div>\n\n\n\n    <div class=\"clearboth\"><\/div>\n<\/div>\n\n\n\n\n<\/div><\/div><\/div><div class=\"wpb_column vc_column_container vc_col-sm-3\"><div class=\"vc_column-inner\"><div class=\"wpb_wrapper\">\n<div id=\"box-icon-37\" class=\"mk-box-icon   boxed-style   clearfix\">\n\n    <div class=\"icon-box-boxed top\">\n\n\t<i class=\"mk-main-ico\"><svg  class=\"mk-svg-icon\" data-name=\"mk-icon-star-half-empty\" data-cacheid=\"icon-69d1ab6bb38c9\" xmlns=\"http:\/\/www.w3.org\/2000\/svg\" viewbox=\"0 0 1664 1792\"><path d=\"M1186 957l257-250-356-52-66-10-30-60-159-322v963l59 31 318 168-60-355-12-66zm452-262l-363 354 86 500q5 33-6 51.5t-34 18.5q-17 0-40-12l-449-236-449 236q-23 12-40 12-23 0-34-18.5t-6-51.5l86-500-364-354q-32-32-23-59.5t54-34.5l502-73 225-455q20-41 49-41 28 0 49 41l225 455 502 73q45 7 54 34.5t-24 59.5z\"\/><\/svg><\/i><h4 class=\"icon-box-title\">\n     BEST PRICE<\/h4>\n\n\n<p>Find the best prices and the best conditions on our website<\/p>\n\n\t<div class=\"clearboth\"><\/div>\n<\/div>\n\n\n\n    <div class=\"clearboth\"><\/div>\n<\/div>\n\n\n\n\n<\/div><\/div><\/div><div class=\"wpb_column vc_column_container vc_col-sm-3\"><div class=\"vc_column-inner\"><div class=\"wpb_wrapper\">\n<div id=\"box-icon-38\" class=\"mk-box-icon   boxed-style   clearfix\">\n\n    <div class=\"icon-box-boxed top\">\n\n\t<i class=\"mk-main-ico\"><svg  class=\"mk-svg-icon\" data-name=\"mk-icon-thumbs-o-up\" data-cacheid=\"icon-69d1ab6bb3d39\" xmlns=\"http:\/\/www.w3.org\/2000\/svg\" viewbox=\"0 0 1536 1792\"><path d=\"M256 1344q0-26-19-45t-45-19-45 19-19 45 19 45 45 19 45-19 19-45zm1152-576q0-51-39-89.5t-89-38.5h-352q0-58 48-159.5t48-160.5q0-98-32-145t-128-47q-26 26-38 85t-30.5 125.5-59.5 109.5q-22 23-77 91-4 5-23 30t-31.5 41-34.5 42.5-40 44-38.5 35.5-40 27-35.5 9h-32v640h32q13 0 31.5 3t33 6.5 38 11 35 11.5 35.5 12.5 29 10.5q211 73 342 73h121q192 0 192-167 0-26-5-56 30-16 47.5-52.5t17.5-73.5-18-69q53-50 53-119 0-25-10-55.5t-25-47.5q32-1 53.5-47t21.5-81zm128-1q0 89-49 163 9 33 9 69 0 77-38 144 3 21 3 43 0 101-60 178 1 139-85 219.5t-227 80.5h-129q-96 0-189.5-22.5t-216.5-65.5q-116-40-138-40h-288q-53 0-90.5-37.5t-37.5-90.5v-640q0-53 37.5-90.5t90.5-37.5h274q36-24 137-155 58-75 107-128 24-25 35.5-85.5t30.5-126.5 62-108q39-37 90-37 84 0 151 32.5t102 101.5 35 186q0 93-48 192h176q104 0 180 76t76 179z\"\/><\/svg><\/i><h4 class=\"icon-box-title\">\n     PRIORITY ALLOCATION<\/h4>\n\n\n<p>Priority in the allocation of rooms for direct clients<\/p>\n\n\t<div class=\"clearboth\"><\/div>\n<\/div>\n\n\n\n    <div class=\"clearboth\"><\/div>\n<\/div>\n\n\n\n\n<\/div><\/div><\/div><div class=\"wpb_column vc_column_container vc_col-sm-3\"><div class=\"vc_column-inner\"><div class=\"wpb_wrapper\">\n<div id=\"box-icon-39\" class=\"mk-box-icon   boxed-style   clearfix\">\n\n    <div class=\"icon-box-boxed top\">\n\n\t<i class=\"mk-main-ico\"><svg  class=\"mk-svg-icon\" data-name=\"mk-moon-lock-2\" data-cacheid=\"icon-69d1ab6bb42b4\" xmlns=\"http:\/\/www.w3.org\/2000\/svg\" viewbox=\"0 0 512 512\"><path d=\"M416 224h-32v-96c0-70.692-57.308-128-128-128-70.692 0-128 57.308-128 128v96h-32c-17.6 0-32 14.4-32 32v224c0 17.6 14.4 32 32 32h320c17.6 0 32-14.4 32-32v-224c0-17.6-14.4-32-32-32zm-160 192c-17.673 0-32-14.327-32-32s14.327-32 32-32 32 14.327 32 32-14.327 32-32 32zm64-192h-128v-96c0-35.29 28.71-64 64-64s64 28.71 64 64v96z\"\/><\/svg><\/i><h4 class=\"icon-box-title\">\n     SAFE BOOKINGS<\/h4>\n\n\n<p>Book safely. Secure and coded data transfer<\/p>\n\n\t<div class=\"clearboth\"><\/div>\n<\/div>\n\n\n\n    <div class=\"clearboth\"><\/div>\n<\/div>\n\n\n\n\n<\/div><\/div><\/div>\t\t\n<\/div>\n<div class=\"vc_empty_space\"   style=\"height: 20px\"><span class=\"vc_empty_space_inner\"><\/span><\/div>\n<div id=\"padding-40\" class=\"mk-padding-divider   clearfix\"><\/div>\n\n<\/div>\n<\/div>\n            <div class=\"clearboth\"><\/div>\n        <\/div>\n\n\n\t\t\t\n\t\t\t\n\t\t\t\n\t\t<div class=\"clearboth\"><\/div>\n\t<\/div>\n<\/div>\n<div class=\"vc_row-full-width vc_clearfix\"><\/div>","protected":false},"excerpt":{"rendered":"Restaurante Petit Komit\u00e9, un secreto para compartir UN SECRETO PARA COMPARTIR Restaurante Petit Komit\u00e9, universo de historia en una atm\u00f3sfera de \u00edntima sobriedad En este universo de historia, pasado, presente y futuro, atm\u00f3sfera de \u00edntima sobriedad, propicia para encuentros de negocios, amistosos o rom\u00e1nticos, se despliegan las ocho exclusivas mesas de Petit Komit\u00e9. La brasa [...]","protected":false},"author":1,"featured_media":0,"parent":30,"menu_order":0,"comment_status":"closed","ping_status":"closed","template":"","meta":{"footnotes":""},"class_list":["post-233","page","type-page","status-publish","hentry"],"yoast_head":"<!-- This site is optimized with the Yoast SEO plugin v17.5 - https:\/\/yoast.com\/wordpress\/plugins\/seo\/ -->\n<title>La Brasa - Hotel Iraragorri<\/title>\n<meta name=\"robots\" content=\"index, follow, max-snippet:-1, max-image-preview:large, max-video-preview:-1\" \/>\n<link rel=\"canonical\" href=\"https:\/\/iraragorri.com\/en\/restaurant\/grill\/\" \/>\n<meta property=\"og:locale\" content=\"en_GB\" \/>\n<meta property=\"og:type\" content=\"article\" \/>\n<meta property=\"og:title\" content=\"La Brasa - Hotel Iraragorri\" \/>\n<meta property=\"og:url\" content=\"https:\/\/iraragorri.com\/en\/restaurant\/grill\/\" \/>\n<meta property=\"og:site_name\" content=\"Hotel Iraragorri\" \/>\n<meta property=\"article:modified_time\" content=\"2021-10-21T13:01:43+00:00\" \/>\n<meta name=\"twitter:card\" content=\"summary_large_image\" \/>\n<meta name=\"twitter:label1\" content=\"Estimated reading time\" \/>\n\t<meta name=\"twitter:data1\" content=\"6 minutes\" \/>\n<script type=\"application\/ld+json\" class=\"yoast-schema-graph\">{\"@context\":\"https:\/\/schema.org\",\"@graph\":[{\"@type\":\"WebSite\",\"@id\":\"https:\/\/iraragorri.com\/en\/#website\",\"url\":\"https:\/\/iraragorri.com\/en\/\",\"name\":\"Hotel Iraragorri\",\"description\":\"Web Oficial\",\"potentialAction\":[{\"@type\":\"SearchAction\",\"target\":{\"@type\":\"EntryPoint\",\"urlTemplate\":\"https:\/\/iraragorri.com\/en\/?s={search_term_string}\"},\"query-input\":\"required name=search_term_string\"}],\"inLanguage\":\"en-GB\"},{\"@type\":\"WebPage\",\"@id\":\"https:\/\/iraragorri.com\/restaurante\/brasa\/#webpage\",\"url\":\"https:\/\/iraragorri.com\/restaurante\/brasa\/\",\"name\":\"La Brasa - Hotel Iraragorri\",\"isPartOf\":{\"@id\":\"https:\/\/iraragorri.com\/en\/#website\"},\"datePublished\":\"2021-10-21T12:53:35+00:00\",\"dateModified\":\"2021-10-21T13:01:43+00:00\",\"breadcrumb\":{\"@id\":\"https:\/\/iraragorri.com\/restaurante\/brasa\/#breadcrumb\"},\"inLanguage\":\"en-GB\",\"potentialAction\":[{\"@type\":\"ReadAction\",\"target\":[\"https:\/\/iraragorri.com\/restaurante\/brasa\/\"]}]},{\"@type\":\"BreadcrumbList\",\"@id\":\"https:\/\/iraragorri.com\/restaurante\/brasa\/#breadcrumb\",\"itemListElement\":[{\"@type\":\"ListItem\",\"position\":1,\"name\":\"Portada\",\"item\":\"https:\/\/iraragorri.com\/\"},{\"@type\":\"ListItem\",\"position\":2,\"name\":\"Restaurante\",\"item\":\"https:\/\/iraragorri.com\/restaurante\/\"},{\"@type\":\"ListItem\",\"position\":3,\"name\":\"La Brasa\"}]}]}<\/script>\n<!-- \/ Yoast SEO plugin. -->","yoast_head_json":{"title":"La Brasa - Hotel Iraragorri","robots":{"index":"index","follow":"follow","max-snippet":"max-snippet:-1","max-image-preview":"max-image-preview:large","max-video-preview":"max-video-preview:-1"},"canonical":"https:\/\/iraragorri.com\/en\/restaurant\/grill\/","og_locale":"en_GB","og_type":"article","og_title":"La Brasa - Hotel Iraragorri","og_url":"https:\/\/iraragorri.com\/en\/restaurant\/grill\/","og_site_name":"Hotel Iraragorri","article_modified_time":"2021-10-21T13:01:43+00:00","twitter_card":"summary_large_image","twitter_misc":{"Estimated reading time":"6 minutes"},"schema":{"@context":"https:\/\/schema.org","@graph":[{"@type":"WebSite","@id":"https:\/\/iraragorri.com\/en\/#website","url":"https:\/\/iraragorri.com\/en\/","name":"Hotel Iraragorri","description":"Web Oficial","potentialAction":[{"@type":"SearchAction","target":{"@type":"EntryPoint","urlTemplate":"https:\/\/iraragorri.com\/en\/?s={search_term_string}"},"query-input":"required name=search_term_string"}],"inLanguage":"en-GB"},{"@type":"WebPage","@id":"https:\/\/iraragorri.com\/restaurante\/brasa\/#webpage","url":"https:\/\/iraragorri.com\/restaurante\/brasa\/","name":"La Brasa - Hotel Iraragorri","isPartOf":{"@id":"https:\/\/iraragorri.com\/en\/#website"},"datePublished":"2021-10-21T12:53:35+00:00","dateModified":"2021-10-21T13:01:43+00:00","breadcrumb":{"@id":"https:\/\/iraragorri.com\/restaurante\/brasa\/#breadcrumb"},"inLanguage":"en-GB","potentialAction":[{"@type":"ReadAction","target":["https:\/\/iraragorri.com\/restaurante\/brasa\/"]}]},{"@type":"BreadcrumbList","@id":"https:\/\/iraragorri.com\/restaurante\/brasa\/#breadcrumb","itemListElement":[{"@type":"ListItem","position":1,"name":"Portada","item":"https:\/\/iraragorri.com\/"},{"@type":"ListItem","position":2,"name":"Restaurante","item":"https:\/\/iraragorri.com\/restaurante\/"},{"@type":"ListItem","position":3,"name":"La Brasa"}]}]}},"_links":{"self":[{"href":"https:\/\/iraragorri.com\/en\/wp-json\/wp\/v2\/pages\/233","targetHints":{"allow":["GET"]}}],"collection":[{"href":"https:\/\/iraragorri.com\/en\/wp-json\/wp\/v2\/pages"}],"about":[{"href":"https:\/\/iraragorri.com\/en\/wp-json\/wp\/v2\/types\/page"}],"author":[{"embeddable":true,"href":"https:\/\/iraragorri.com\/en\/wp-json\/wp\/v2\/users\/1"}],"replies":[{"embeddable":true,"href":"https:\/\/iraragorri.com\/en\/wp-json\/wp\/v2\/comments?post=233"}],"version-history":[{"count":4,"href":"https:\/\/iraragorri.com\/en\/wp-json\/wp\/v2\/pages\/233\/revisions"}],"predecessor-version":[{"id":243,"href":"https:\/\/iraragorri.com\/en\/wp-json\/wp\/v2\/pages\/233\/revisions\/243"}],"up":[{"embeddable":true,"href":"https:\/\/iraragorri.com\/en\/wp-json\/wp\/v2\/pages\/30"}],"wp:attachment":[{"href":"https:\/\/iraragorri.com\/en\/wp-json\/wp\/v2\/media?parent=233"}],"curies":[{"name":"wp","href":"https:\/\/api.w.org\/{rel}","templated":true}]}}